{"id":8,"date":"2018-10-06T17:22:35","date_gmt":"2018-10-06T15:22:35","guid":{"rendered":"http:\/\/duventdanslesmots.org\/?page_id=8"},"modified":"2020-04-02T13:10:21","modified_gmt":"2020-04-02T11:10:21","slug":"a-propos-de","status":"publish","type":"page","link":"https:\/\/duventdanslesmots.org\/index.php\/a-propos-de\/","title":{"rendered":"\u00c0 propos de l&rsquo;association"},"content":{"rendered":"<div id='gallery-1' class='gallery galleryid-8 gallery-columns-3 gallery-size-medium'><figure class='gallery-item'>\n\t\t\t<div class='gallery-icon landscape'>\n\t\t\t\t<a href='https:\/\/duventdanslesmots.org\/index.php\/a-propos-de\/mona\/'><img width=\"300\" height=\"300\" src=\"https:\/\/duventdanslesmots.org\/wp-content\/uploads\/2020\/04\/Mona-300x300.jpg\" class=\"attachment-medium size-medium\" alt=\"\" decoding=\"async\" loading=\"lazy\" srcset=\"https:\/\/duventdanslesmots.org\/wp-content\/uploads\/2020\/04\/Mona-300x300.jpg 300w, https:\/\/duventdanslesmots.org\/wp-content\/uploads\/2020\/04\/Mona-150x150.jpg 150w, https:\/\/duventdanslesmots.org\/wp-content\/uploads\/2020\/04\/Mona-768x768.jpg 768w, https:\/\/duventdanslesmots.org\/wp-content\/uploads\/2020\/04\/Mona.jpg 853w\" sizes=\"(max-width: 300px) 85vw, 300px\" \/><\/a>\n\t\t\t<\/div><\/figure><figure class='gallery-item'>\n\t\t\t<div class='gallery-icon landscape'>\n\t\t\t\t<a href='https:\/\/duventdanslesmots.org\/index.php\/a-propos-de\/presque\/'><img width=\"300\" height=\"300\" src=\"https:\/\/duventdanslesmots.org\/wp-content\/uploads\/2020\/04\/presque-300x300.jpg\" class=\"attachment-medium size-medium\" alt=\"\" decoding=\"async\" loading=\"lazy\" srcset=\"https:\/\/duventdanslesmots.org\/wp-content\/uploads\/2020\/04\/presque-300x300.jpg 300w, https:\/\/duventdanslesmots.org\/wp-content\/uploads\/2020\/04\/presque-1024x1024.jpg 1024w, https:\/\/duventdanslesmots.org\/wp-content\/uploads\/2020\/04\/presque-150x150.jpg 150w, https:\/\/duventdanslesmots.org\/wp-content\/uploads\/2020\/04\/presque-768x768.jpg 768w, https:\/\/duventdanslesmots.org\/wp-content\/uploads\/2020\/04\/presque.jpg 1080w\" sizes=\"(max-width: 300px) 85vw, 300px\" \/><\/a>\n\t\t\t<\/div><\/figure><figure class='gallery-item'>\n\t\t\t<div class='gallery-icon landscape'>\n\t\t\t\t<a href='https:\/\/duventdanslesmots.org\/index.php\/a-propos-de\/fredlucien\/'><img width=\"300\" height=\"300\" src=\"https:\/\/duventdanslesmots.org\/wp-content\/uploads\/2018\/10\/FredLucien-e1585814947588-300x300.jpg\" class=\"attachment-medium size-medium\" alt=\"\" decoding=\"async\" loading=\"lazy\" srcset=\"https:\/\/duventdanslesmots.org\/wp-content\/uploads\/2018\/10\/FredLucien-e1585814947588-300x300.jpg 300w, https:\/\/duventdanslesmots.org\/wp-content\/uploads\/2018\/10\/FredLucien-e1585814947588-150x150.jpg 150w, https:\/\/duventdanslesmots.org\/wp-content\/uploads\/2018\/10\/FredLucien-e1585814947588-768x767.jpg 768w, https:\/\/duventdanslesmots.org\/wp-content\/uploads\/2018\/10\/FredLucien-e1585814947588-1024x1024.jpg 1024w, https:\/\/duventdanslesmots.org\/wp-content\/uploads\/2018\/10\/FredLucien-e1585814947588-1200x1199.jpg 1200w, https:\/\/duventdanslesmots.org\/wp-content\/uploads\/2018\/10\/FredLucien-e1585814947588-1536x1536.jpg 1536w, https:\/\/duventdanslesmots.org\/wp-content\/uploads\/2018\/10\/FredLucien-e1585814947588-2048x2046.jpg 2048w, https:\/\/duventdanslesmots.org\/wp-content\/uploads\/2018\/10\/FredLucien-e1585814947588-1320x1319.jpg 1320w\" sizes=\"(max-width: 300px) 85vw, 300px\" \/><\/a>\n\t\t\t<\/div><\/figure>\n\t\t<\/div>\n\n<h3>Du vent dans les mots !<\/h3>\n<p>La voix est libre. Les chemins sont po\u00e9sie. Il ne tient qu&rsquo;\u00e0 nous d&rsquo;oser lire, dire, \u00e9crire et chanter le monde, les yeux et les oreilles, au c\u0153ur.<\/p>\n<p>Du vent dans les mots, c&rsquo;est une histoire de rencontres, de partages, d&rsquo;envies, d&rsquo;\u00e9lans et de comp\u00e9tences. C&rsquo;est une association, loi 1901. Et un projet. Ici, aujourd&rsquo;hui. Demain, l\u00e0-bas.<\/p>\n<p><strong>Des id\u00e9es&#8230;<\/strong><br \/>\n<span style=\"font-family: Calibri, sans-serif;\"><span style=\"font-size: medium;\">Susciter et partager des \u00e9motions, des sensations, des relations, <\/span><\/span><span style=\"font-family: Calibri, sans-serif;\"><span style=\"font-size: medium;\"><i>autour des mots, des histoires et des chants<\/i><\/span><\/span><br \/>\n<span style=\"font-family: Calibri, sans-serif;\"><span style=\"font-size: medium;\">Faire sentir la puissance <\/span><\/span><span style=\"font-family: Calibri, sans-serif;\"><span style=\"font-size: medium;\"><i>des mots, des histoires et des chants<\/i><\/span><\/span><span style=\"font-family: Calibri, sans-serif;\"><span style=\"font-size: medium;\">, leur sens, leur r\u00e9sonance<\/span><\/span><br \/>\n<span style=\"font-family: Calibri, sans-serif;\"><span style=\"font-size: medium;\">Faciliter l\u2019acc\u00e8s \u00e0 l\u2019imaginaire, \u00e0 la m\u00e9taphore, aux mots du r\u00e9cit et de la po\u00e9sie <\/span><\/span><br \/>\n<span style=\"font-family: Calibri, sans-serif;\"><span style=\"font-size: medium;\">S\u2019enrichir de l\u2019autre, <\/span><\/span><span style=\"font-family: Calibri, sans-serif;\"><span style=\"font-size: medium;\"><i>de ses mots, de ses histoires, de ses chants<\/i><\/span><\/span><br \/>\n<span style=\"font-family: Calibri, sans-serif;\"><span style=\"font-size: medium;\">Favoriser la transmission \u00e9crite et orale<\/span><\/span><br \/>\n<span style=\"font-family: Calibri, sans-serif;\"><span style=\"font-size: medium;\">Questionner le monde, aller \u00e0 sa rencontre, \u00e0 travers <\/span><\/span><span style=\"font-family: Calibri, sans-serif;\"><span style=\"font-size: medium;\"><i>les mots, les histoires, les chants<\/i><\/span><\/span><br \/>\n<span style=\"font-family: Calibri, sans-serif;\"><span style=\"font-size: medium;\">Permettre l\u2019acc\u00e8s \u00e0 sa cr\u00e9ativit\u00e9 et \u00e0 l\u2019expression personnelle et collective<\/span><\/span><\/p>\n<p><span style=\"font-family: Calibri, sans-serif;\"><span style=\"font-size: medium;\">Lire, dire, \u00e9crire, chanter\u00a0: rendre vivant les mots et les histoires <\/span><\/span><br \/>\n<span style=\"font-family: Calibri, sans-serif;\"><span style=\"font-size: medium;\">Cr\u00e9er et animer des espaces de rencontres, de participation et d\u2019expression<\/span><\/span><br \/>\n<span style=\"font-family: Calibri, sans-serif;\"><span style=\"font-size: medium;\">Multiplier les portes d\u2019entr\u00e9e vers les mots, les histoires, les livres<\/span><\/span><br \/>\n<span style=\"font-family: Calibri, sans-serif;\"><span style=\"font-size: medium;\">Susciter la curiosit\u00e9 et laisser les publics d\u00e9couvrir par eux-m\u00eames<\/span><\/span><br \/>\n<span style=\"font-family: Calibri, sans-serif;\"><span style=\"font-size: medium;\">Cr\u00e9er et soutenir des habitudes autour du livre et de l\u2019expression<\/span><\/span><br \/>\n<span style=\"font-family: Calibri, sans-serif;\"><span style=\"font-size: medium;\">Former et accompagner \u00e0 partager les mots et les histoires<\/span><\/span><\/p>\n<p><strong>&#8230; aux ateliers<\/strong><br \/>\n<span style=\"font-family: Calibri, sans-serif;\"><span style=\"font-size: medium;\">Lire, donner \u00e0 \u00e9couter et donner \u00e0 lire des histoires s\u00e9lectionn\u00e9es pour leurs qualit\u00e9s litt\u00e9raire, artistique et philosophique, en privil\u00e9giant l\u2019album.<br \/>\n<span style=\"font-family: Calibri, sans-serif;\"><span style=\"font-size: medium;\">Lire et chanter dans diff\u00e9rentes langues, des histoires d\u2019ici et d\u2019ailleurs<br \/>\n<span style=\"font-family: Calibri, sans-serif;\"><span style=\"font-size: medium;\">Conter, raconter, d\u00e9clamer, r\u00e9citer, chuchoter, chanter, fredonner, murmurer, dire et redire<br \/>\n<span style=\"font-family: Calibri, sans-serif;\"><span style=\"font-size: medium;\">Partager des comptines et des jeux de doigts<br \/>\n<span style=\"font-family: Calibri, sans-serif;\"><span style=\"font-size: medium;\">Animer des ateliers d\u2019\u00e9criture<br \/>\n<span style=\"font-family: Calibri, sans-serif;\"><span style=\"font-size: medium;\">Recueillir et collecter la parole, les histoires, les chants<br \/>\n<span style=\"font-family: Calibri, sans-serif;\"><span style=\"font-size: medium;\">Animer des ateliers de cr\u00e9ation de livres et de livre-objets<br \/>\n<span style=\"font-family: Calibri, sans-serif;\"><span style=\"font-size: medium;\">Animer des ateliers de cr\u00e9ation d\u2019outils autour d\u2019exploration des livres<br \/>\n<span style=\"font-family: Calibri, sans-serif;\"><span style=\"font-size: medium;\">Animer des temps de partage de po\u00e9sie, d\u2019histoires, de chansons, de chants<br \/>\n<span style=\"font-family: Calibri, sans-serif;\"><span style=\"font-size: medium;\">Former \u00e0 la lecture \u00e0 voix haute, au conte et \u00e0 l\u2019\u00e9criture<\/span><\/span><\/span><\/span><\/span><\/span><\/span><\/span><\/span><\/span><\/span><\/span><\/span><\/span><\/span><\/span><\/span><\/span><\/span><\/span><\/p>\n<p>O\u00f9 ? A Lille-Sud, bien s\u00fbr. Ailleurs, aussi.<br \/>\nAvec qui ? Avec tous.<br \/>\nComment ? Avec joie !<\/p>\n","protected":false},"excerpt":{"rendered":"<p>Du vent dans les mots ! La voix est libre. Les chemins sont po\u00e9sie. Il ne tient qu&rsquo;\u00e0 nous d&rsquo;oser lire, dire, \u00e9crire et chanter le monde, les yeux et les oreilles, au c\u0153ur. Du vent dans les mots, c&rsquo;est une histoire de rencontres, de partages, d&rsquo;envies, d&rsquo;\u00e9lans et de comp\u00e9tences. C&rsquo;est une association, loi &hellip; <a href=\"https:\/\/duventdanslesmots.org\/index.php\/a-propos-de\/\" class=\"more-link\">Continuer la lecture<span class=\"screen-reader-text\"> de &laquo;&nbsp;\u00c0 propos de l&rsquo;association&nbsp;&raquo;<\/span><\/a><\/p>\n","protected":false},"author":1,"featured_media":0,"parent":0,"menu_order":1,"comment_status":"closed","ping_status":"closed","template":"","meta":[],"_links":{"self":[{"href":"https:\/\/duventdanslesmots.org\/index.php\/wp-json\/wp\/v2\/pages\/8"}],"collection":[{"href":"https:\/\/duventdanslesmots.org\/index.php\/wp-json\/wp\/v2\/pages"}],"about":[{"href":"https:\/\/duventdanslesmots.org\/index.php\/wp-json\/wp\/v2\/types\/page"}],"author":[{"embeddable":true,"href":"https:\/\/duventdanslesmots.org\/index.php\/wp-json\/wp\/v2\/users\/1"}],"replies":[{"embeddable":true,"href":"https:\/\/duventdanslesmots.org\/index.php\/wp-json\/wp\/v2\/comments?post=8"}],"version-history":[{"count":23,"href":"https:\/\/duventdanslesmots.org\/index.php\/wp-json\/wp\/v2\/pages\/8\/revisions"}],"predecessor-version":[{"id":726,"href":"https:\/\/duventdanslesmots.org\/index.php\/wp-json\/wp\/v2\/pages\/8\/revisions\/726"}],"wp:attachment":[{"href":"https:\/\/duventdanslesmots.org\/index.php\/wp-json\/wp\/v2\/media?parent=8"}],"curies":[{"name":"wp","href":"https:\/\/api.w.org\/{rel}","templated":true}]}}